{"id":2,"date":"2024-03-05T15:17:38","date_gmt":"2024-03-05T15:17:38","guid":{"rendered":"http:\/\/_\/?page_id=2"},"modified":"2024-03-11T16:48:13","modified_gmt":"2024-03-11T16:48:13","slug":"sample-page","status":"publish","type":"page","link":"https:\/\/snejku.extensa.pl\/?page_id=2","title":{"rendered":"W czym mo\u017cemy Ci pom\u00f3c"},"content":{"rendered":"\n<ol class=\"wp-block-list\">\n<li>Wyb\u00f3r mieszkania nadaj\u0105cego si\u0119 do podzia\u0142u na kilka mniejszych mieszka\u0144<\/li>\n\n\n\n<li>Propozycja podzia\u0142u<\/li>\n\n\n\n<li>Wykonanie planu i wst\u0119pnego projektu<\/li>\n\n\n\n<li>Wykonanie prac budowlanych<\/li>\n<\/ol>\n","protected":false},"excerpt":{"rendered":"","protected":false},"author":1,"featured_media":0,"parent":0,"menu_order":0,"comment_status":"closed","ping_status":"open","template":"","meta":{"footnotes":""},"class_list":["post-2","page","type-page","status-publish","hentry"],"_links":{"self":[{"href":"https:\/\/snejku.extensa.pl\/index.php?rest_route=\/wp\/v2\/pages\/2","targetHints":{"allow":["GET"]}}],"collection":[{"href":"https:\/\/snejku.extensa.pl\/index.php?rest_route=\/wp\/v2\/pages"}],"about":[{"href":"https:\/\/snejku.extensa.pl\/index.php?rest_route=\/wp\/v2\/types\/page"}],"author":[{"embeddable":true,"href":"https:\/\/snejku.extensa.pl\/index.php?rest_route=\/wp\/v2\/users\/1"}],"replies":[{"embeddable":true,"href":"https:\/\/snejku.extensa.pl\/index.php?rest_route=%2Fwp%2Fv2%2Fcomments&post=2"}],"version-history":[{"count":2,"href":"https:\/\/snejku.extensa.pl\/index.php?rest_route=\/wp\/v2\/pages\/2\/revisions"}],"predecessor-version":[{"id":63,"href":"https:\/\/snejku.extensa.pl\/index.php?rest_route=\/wp\/v2\/pages\/2\/revisions\/63"}],"wp:attachment":[{"href":"https:\/\/snejku.extensa.pl\/index.php?rest_route=%2Fwp%2Fv2%2Fmedia&parent=2"}],"curies":[{"name":"wp","href":"https:\/\/api.w.org\/{rel}","templated":true}]}}